{"id":107,"date":"2016-10-25T03:47:06","date_gmt":"2016-10-25T03:47:06","guid":{"rendered":"http:\/\/pesquisaemdor.com.br\/?page_id=107"},"modified":"2020-05-28T14:42:09","modified_gmt":"2020-05-28T14:42:09","slug":"associacoes","status":"publish","type":"page","link":"http:\/\/pesquisaemdor.com.br\/?page_id=107","title":{"rendered":"Associa\u00e7\u00f5es"},"content":{"rendered":"<div class=\"row\" data-auto-height=\"true\">\n<div class=\"col-md-3 col-sm-6 c-margin-b-30\">\n<div class=\"c-content-person-1 c-option-2\">\n<div class=\"\"><a href=\"http:\/\/www.iasp-pain.org\/\"><img fetchpriority=\"high\" decoding=\"async\" class=\"alignnone size-full wp-image-544\" src=\"http:\/\/pesquisaemdor.com.br\/wp-content\/uploads\/2016\/10\/logo-large.png\" alt=\"logo-large\" width=\"373\" height=\"135\" srcset=\"http:\/\/pesquisaemdor.com.br\/wp-content\/uploads\/2016\/10\/logo-large.png 568w, http:\/\/pesquisaemdor.com.br\/wp-content\/uploads\/2016\/10\/logo-large-300x109.png 300w\" sizes=\"(max-width: 373px) 100vw, 373px\" \/><\/a><\/div>\n<div class=\"c-body\" data-height=\"height\">\n<div class=\"c-head\">\n<div class=\"c-name c-font-uppercase c-font-bold\">Associa\u00e7\u00e3o Internacional para o Estudo da Dor (IASP)<\/div>\n<\/div>\n<\/div>\n<\/div>\n<\/div>\n<div class=\"col-md-3 col-sm-6 c-margin-b-30\">\n<div class=\"c-content-person-1 c-option-2\">\n<div class=\"\"><a href=\"http:\/\/www.sbed.org.br\/home.php\"><img decoding=\"async\" class=\"alignnone size-full wp-image-459\" src=\"http:\/\/pesquisaemdor.com.br\/wp-content\/uploads\/2016\/10\/sbed.jpg\" alt=\"sbed\" width=\"373\" height=\"135\" srcset=\"http:\/\/pesquisaemdor.com.br\/wp-content\/uploads\/2016\/10\/sbed.jpg 373w, http:\/\/pesquisaemdor.com.br\/wp-content\/uploads\/2016\/10\/sbed-300x109.jpg 300w\" sizes=\"(max-width: 373px) 100vw, 373px\" \/><\/a><\/div>\n<div class=\"c-body\" data-height=\"height\">\n<div class=\"c-head\">\n<div class=\"c-name c-font-uppercase c-font-bold\">Sociedade Brasileira para o Estudo da Dor<\/div>\n<\/div>\n<\/div>\n<\/div>\n<\/div>\n<div class=\"col-md-3 col-sm-6 c-margin-b-30\">\n<div class=\"c-content-person-1 c-option-2\">\n<div class=\"\"><a href=\"http:\/\/www.iasp-pain.org\/SIG\/MindandMovement\"><img decoding=\"async\" class=\"alignnone size-full wp-image-461\" src=\"http:\/\/pesquisaemdor.com.br\/wp-content\/uploads\/2016\/10\/sigpain.jpg\" alt=\"sigpain\" width=\"373\" height=\"135\" srcset=\"http:\/\/pesquisaemdor.com.br\/wp-content\/uploads\/2016\/10\/sigpain.jpg 373w, http:\/\/pesquisaemdor.com.br\/wp-content\/uploads\/2016\/10\/sigpain-300x109.jpg 300w\" sizes=\"(max-width: 373px) 100vw, 373px\" \/><\/a><\/div>\n<div class=\"c-body\" data-height=\"height\">\n<div class=\"c-head\">\n<div class=\"c-name c-font-uppercase c-font-bold\">Pain, Mind, and Movement<\/div>\n<\/div>\n<\/div>\n<\/div>\n<\/div>\n<div class=\"col-md-3 col-sm-6 c-margin-b-30\">\n<div class=\"c-content-person-1 c-option-2\">\n<div class=\"\"><a href=\"http:\/\/americanpainsociety.org\/\"><img loading=\"lazy\" decoding=\"async\" class=\"alignnone size-full wp-image-463\" src=\"http:\/\/pesquisaemdor.com.br\/wp-content\/uploads\/2016\/10\/americanpain.jpg\" alt=\"americanpain\" width=\"373\" height=\"135\" srcset=\"http:\/\/pesquisaemdor.com.br\/wp-content\/uploads\/2016\/10\/americanpain.jpg 373w, http:\/\/pesquisaemdor.com.br\/wp-content\/uploads\/2016\/10\/americanpain-300x109.jpg 300w\" sizes=\"(max-width: 373px) 100vw, 373px\" \/><\/a><\/div>\n<div class=\"c-body\" data-height=\"height\">\n<div class=\"c-head\">\n<div class=\"c-name c-font-uppercase c-font-bold\">American Pain Society<\/div>\n<\/div>\n<\/div>\n<\/div>\n<\/div>\n<\/div>\n<div class=\"row\" data-auto-height=\"true\">\n<div class=\"col-md-3 col-sm-6 c-margin-b-30\">\n<div class=\"c-content-person-1 c-option-2\">\n<div class=\"\"><a href=\"https:\/\/www.apsoc.org.au\/\"><img loading=\"lazy\" decoding=\"async\" class=\"alignnone size-full wp-image-465\" src=\"http:\/\/pesquisaemdor.com.br\/wp-content\/uploads\/2016\/10\/aps.jpg\" alt=\"aps\" width=\"373\" height=\"135\" srcset=\"http:\/\/pesquisaemdor.com.br\/wp-content\/uploads\/2016\/10\/aps.jpg 373w, http:\/\/pesquisaemdor.com.br\/wp-content\/uploads\/2016\/10\/aps-300x109.jpg 300w\" sizes=\"(max-width: 373px) 100vw, 373px\" \/><\/a><\/div>\n<div class=\"c-body\" data-height=\"height\">\n<div class=\"c-head\">\n<div class=\"c-name c-font-uppercase c-font-bold\">Australian Pain Society<\/div>\n<\/div>\n<\/div>\n<\/div>\n<\/div>\n<div class=\"col-md-3 col-sm-6 c-margin-b-30\">\n<div class=\"c-content-person-1 c-option-2\">\n<div class=\"\"><a href=\"http:\/\/www.ifompt.org\/\"><img loading=\"lazy\" decoding=\"async\" class=\"alignnone size-full wp-image-467\" src=\"http:\/\/pesquisaemdor.com.br\/wp-content\/uploads\/2016\/10\/infompt.jpg\" alt=\"infompt\" width=\"373\" height=\"135\" srcset=\"http:\/\/pesquisaemdor.com.br\/wp-content\/uploads\/2016\/10\/infompt.jpg 373w, http:\/\/pesquisaemdor.com.br\/wp-content\/uploads\/2016\/10\/infompt-300x109.jpg 300w\" sizes=\"(max-width: 373px) 100vw, 373px\" \/><\/a><\/div>\n<div class=\"c-body\" data-height=\"height\">\n<div class=\"c-head\">\n<div class=\"c-name c-font-uppercase c-font-bold\">International Federation of Orthopaedic Manipulative Physical Therapists<\/div>\n<\/div>\n<\/div>\n<\/div>\n<\/div>\n<div class=\"col-md-3 col-sm-6 c-margin-b-30\">\n<div class=\"c-content-person-1 c-option-2\">\n<div class=\"\"><a href=\"http:\/\/www.wcpt.org\/\"><img loading=\"lazy\" decoding=\"async\" class=\"alignnone size-full wp-image-469\" src=\"http:\/\/pesquisaemdor.com.br\/wp-content\/uploads\/2016\/10\/wpct.jpg\" alt=\"wpct\" width=\"373\" height=\"135\" srcset=\"http:\/\/pesquisaemdor.com.br\/wp-content\/uploads\/2016\/10\/wpct.jpg 373w, http:\/\/pesquisaemdor.com.br\/wp-content\/uploads\/2016\/10\/wpct-300x109.jpg 300w\" sizes=\"(max-width: 373px) 100vw, 373px\" \/><\/a><\/div>\n<div class=\"c-body\" data-height=\"height\">\n<div class=\"c-head\">\n<div class=\"c-name c-font-uppercase c-font-bold\">wcpt<\/div>\n<\/div>\n<\/div>\n<\/div>\n<\/div>\n<div class=\"col-md-3 col-sm-6 c-margin-b-30\">\n<div class=\"c-content-person-1 c-option-2\">\n<div class=\"\"><a href=\"http:\/\/www.abrafitobr.com.br\/\"><img loading=\"lazy\" decoding=\"async\" class=\"alignnone size-full wp-image-471\" src=\"http:\/\/pesquisaemdor.com.br\/wp-content\/uploads\/2016\/10\/abrafito.jpg\" alt=\"abrafito\" width=\"373\" height=\"135\" srcset=\"http:\/\/pesquisaemdor.com.br\/wp-content\/uploads\/2016\/10\/abrafito.jpg 373w, http:\/\/pesquisaemdor.com.br\/wp-content\/uploads\/2016\/10\/abrafito-300x109.jpg 300w\" sizes=\"(max-width: 373px) 100vw, 373px\" \/><\/a><\/div>\n<div class=\"c-body\" data-height=\"height\">\n<div class=\"c-head\">\n<div class=\"c-name c-font-uppercase c-font-bold\">Associa\u00e7\u00e3o Brasileira de Fisioterapia Traumato-Ortop\u00e9dica<\/div>\n<\/div>\n<\/div>\n<\/div>\n<\/div>\n<\/div>\n<div class=\"row\" data-auto-height=\"true\">\n<div class=\"col-md-3 col-sm-6 c-margin-b-30\">\n<div class=\"c-content-person-1 c-option-2\">\n<div class=\"\"><a href=\"http:\/\/www.sonafe.org.br\/\"><img loading=\"lazy\" decoding=\"async\" class=\"alignnone size-full wp-image-473\" src=\"http:\/\/pesquisaemdor.com.br\/wp-content\/uploads\/2016\/10\/sonafe.jpg\" alt=\"sonafe\" width=\"373\" height=\"135\" srcset=\"http:\/\/pesquisaemdor.com.br\/wp-content\/uploads\/2016\/10\/sonafe.jpg 373w, http:\/\/pesquisaemdor.com.br\/wp-content\/uploads\/2016\/10\/sonafe-300x109.jpg 300w\" sizes=\"(max-width: 373px) 100vw, 373px\" \/><\/a><\/div>\n<div class=\"c-body\" data-height=\"height\">\n<div class=\"c-head\">\n<div class=\"c-name c-font-uppercase c-font-bold\">SONAFE<\/div>\n<\/div>\n<\/div>\n<\/div>\n<\/div>\n<div class=\"col-md-3 col-sm-6 c-margin-b-30\">\n<div class=\"c-content-person-1 c-option-2\">\n<div class=\"\"><a href=\"http:\/\/abrafin.org.br\/\"><img loading=\"lazy\" decoding=\"async\" class=\"alignnone size-full wp-image-475\" src=\"http:\/\/pesquisaemdor.com.br\/wp-content\/uploads\/2016\/10\/abrafin.jpg\" alt=\"abrafin\" width=\"373\" height=\"135\" srcset=\"http:\/\/pesquisaemdor.com.br\/wp-content\/uploads\/2016\/10\/abrafin.jpg 373w, http:\/\/pesquisaemdor.com.br\/wp-content\/uploads\/2016\/10\/abrafin-300x109.jpg 300w\" sizes=\"(max-width: 373px) 100vw, 373px\" \/><\/a><\/div>\n<div class=\"c-body\" data-height=\"height\">\n<div class=\"c-head\">\n<div class=\"c-name c-font-uppercase c-font-bold\">Associa\u00e7\u00e3o Brasileira de Fisioterapia Neurofuncional<\/div>\n<\/div>\n<\/div>\n<\/div>\n<\/div>\n<div class=\"col-md-3 col-sm-6 c-margin-b-30\">\n<div class=\"c-content-person-1 c-option-2\">\n<div class=\"\"><a href=\"http:\/\/www.paininmotion.be\/\"><img loading=\"lazy\" decoding=\"async\" class=\"alignnone size-full wp-image-477\" src=\"http:\/\/pesquisaemdor.com.br\/wp-content\/uploads\/2016\/10\/paininmotion.jpg\" alt=\"paininmotion\" width=\"373\" height=\"135\" srcset=\"http:\/\/pesquisaemdor.com.br\/wp-content\/uploads\/2016\/10\/paininmotion.jpg 373w, http:\/\/pesquisaemdor.com.br\/wp-content\/uploads\/2016\/10\/paininmotion-300x109.jpg 300w\" sizes=\"(max-width: 373px) 100vw, 373px\" \/><\/a><\/div>\n<div class=\"c-body\" data-height=\"height\">\n<div class=\"c-head\">\n<div class=\"c-name c-font-uppercase c-font-bold\">paininmotion<\/div>\n<\/div>\n<\/div>\n<\/div>\n<\/div>\n<div class=\"col-md-3 col-sm-6 c-margin-b-30\">\n<div class=\"c-content-person-1 c-option-2\">\n<div class=\"\"><\/div>\n<div class=\"c-body\" data-height=\"height\">\n<div class=\"c-head\">\n<div class=\"c-name c-font-uppercase c-font-bold\"><\/div>\n<\/div>\n<\/div>\n<\/div>\n<\/div>\n<\/div>\n<div class=\"row\" data-auto-height=\"true\">\n<div class=\"col-md-3 col-sm-6 c-margin-b-30\">\n<div class=\"c-content-person-1 c-option-2\">\n<div class=\"\"><a href=\"http:\/\/www.retrainpain.org\/portuguese\/\"><img loading=\"lazy\" decoding=\"async\" class=\"alignnone size-full wp-image-481\" src=\"http:\/\/pesquisaemdor.com.br\/wp-content\/uploads\/2016\/10\/retrainpain.jpg\" alt=\"retrainpain\" width=\"373\" height=\"135\" srcset=\"http:\/\/pesquisaemdor.com.br\/wp-content\/uploads\/2016\/10\/retrainpain.jpg 373w, http:\/\/pesquisaemdor.com.br\/wp-content\/uploads\/2016\/10\/retrainpain-300x109.jpg 300w\" sizes=\"(max-width: 373px) 100vw, 373px\" \/><\/a><\/div>\n<div class=\"c-body\" data-height=\"height\">\n<div class=\"c-head\">\n<div class=\"c-name c-font-uppercase c-font-bold\">Retrain Pain<\/div>\n<\/div>\n<\/div>\n<\/div>\n<\/div>\n<\/div>\n","protected":false},"excerpt":{"rendered":"<p>Associa\u00e7\u00e3o Internacional para o Estudo da Dor (IASP) Sociedade Brasileira para o Estudo da Dor Pain, Mind, and Movement American Pain Society Australian Pain Society<\/p>\n<div class=\"read-more-wrapper\"><a class=\"link small\" href=\"http:\/\/pesquisaemdor.com.br\/?page_id=107\" role=\"button\">Read more<span class=\"nc-icon-glyph arrows-1_bold-right\"><\/span><\/a><\/div>\n","protected":false},"author":1,"featured_media":0,"parent":0,"menu_order":0,"comment_status":"closed","ping_status":"closed","template":"page-templates\/sidebar-right.php","meta":{"footnotes":""},"_links":{"self":[{"href":"http:\/\/pesquisaemdor.com.br\/index.php?rest_route=\/wp\/v2\/pages\/107"}],"collection":[{"href":"http:\/\/pesquisaemdor.com.br\/index.php?rest_route=\/wp\/v2\/pages"}],"about":[{"href":"http:\/\/pesquisaemdor.com.br\/index.php?rest_route=\/wp\/v2\/types\/page"}],"author":[{"embeddable":true,"href":"http:\/\/pesquisaemdor.com.br\/index.php?rest_route=\/wp\/v2\/users\/1"}],"replies":[{"embeddable":true,"href":"http:\/\/pesquisaemdor.com.br\/index.php?rest_route=%2Fwp%2Fv2%2Fcomments&post=107"}],"version-history":[{"count":37,"href":"http:\/\/pesquisaemdor.com.br\/index.php?rest_route=\/wp\/v2\/pages\/107\/revisions"}],"predecessor-version":[{"id":1061,"href":"http:\/\/pesquisaemdor.com.br\/index.php?rest_route=\/wp\/v2\/pages\/107\/revisions\/1061"}],"wp:attachment":[{"href":"http:\/\/pesquisaemdor.com.br\/index.php?rest_route=%2Fwp%2Fv2%2Fmedia&parent=107"}],"curies":[{"name":"wp","href":"https:\/\/api.w.org\/{rel}","templated":true}]}}