{"id":59,"date":"2016-10-18T02:26:15","date_gmt":"2016-10-18T02:26:15","guid":{"rendered":"http:\/\/pesquisaemdor.com.br\/?page_id=59"},"modified":"2017-06-23T01:15:12","modified_gmt":"2017-06-23T01:15:12","slug":"meu-caminho-na-dor","status":"publish","type":"page","link":"http:\/\/pesquisaemdor.com.br\/?page_id=59","title":{"rendered":"Caminho da Recupera\u00e7\u00e3o"},"content":{"rendered":"<h4 style=\"text-align: justify;\">Acompanhe a hist\u00f3ria do nosso personagem\u00a0<strong>Davi\u00a0<\/strong>em seu\u00a0<strong>Caminho da Recupera\u00e7\u00e3o<\/strong>. Veja o que ele fez para conseguir melhorar. <span style=\"font-weight: 400;\">Acompanhe cada passo da sua estrada clicando em cada n\u00famero do caminho.\u00a0<\/span>O mais importante \u00e9 que voc\u00ea fa\u00e7a o percurso com calma e paci\u00eancia. Entenda que <strong>Davi<\/strong> n\u00e3o chegou ao final no primeiro dia.<\/h4>\n<h4 style=\"text-align: justify;\">Visite tamb\u00e9m nossa se\u00e7\u00e3o <a href=\"http:\/\/pesquisaemdor.com.br\/?page_id=64\">Entender a Dor<\/a>\u00a0para outras orienta\u00e7\u00f5es que podem ajudar voc\u00ea a modificar a <strong>seu Caminho<\/strong>. Fa\u00e7a o download e converse com o seu\u00a0profissional de sa\u00fade.<\/h4>\n<p style=\"text-align: justify;\"><strong>QUEREMOS SABER MAIS SOBRE A SUA DOR E COMO O CAMINHO DA RECUPERA\u00c7\u00c3O EST\u00c1 TE AJUDANDO: <\/strong><\/p>\n<p style=\"text-align: justify;\"><strong>BASTA CLICAR NESTE\u00a0<\/strong><strong>\u00a0<a href=\"https:\/\/goo.gl\/forms\/c72dYpdc4VLEpHQl2\">LINK<\/a>\u00a0 E PREENCHER NOSSO FORMUL\u00c1RIO (5 MINUTOS EM M\u00c9DIA).<\/strong><\/p>\n<p>&nbsp;<\/p>\n<style>\t \t \n.pain-map a{\t \t \n position: absolute;\t \t \n height: 8%;\t \t \n width: 9%;\t \t \n}\t \n.pain-map {\n    width: 648px;\n    height: 679px;\n}\t \n#pain_1{\t \t \n top: 14%;\t \t \n left: 35%;\t \t \n}\t \t \n#pain_2{\t \t \n top: 15%;\n left: 59%;\t \t \n}\n#pain_3{\n    top: 23%;\n    left: 79%;\n}\n#pain_4{\n    top: 42%;\n    left: 65%;\n}\n#pain_5{\n    top: 31%;\n    left: 21%;\n}\n#pain_6{\n    top: 47%;\n    left: 15%;\n}\t\n#pain_7{\n    top: 53%;\n    left: 34%;\n}\n#pain_8{\n    top: 53%;\n    left: 46%;\n} \n#pain_9{\n    top: 56%;\n    left: 67%;\n} \t \n<\/style>\n<div style=\"position:relative\" class=\"pain-map\">\n<img fetchpriority=\"high\" decoding=\"async\" src=\"http:\/\/pesquisaemdor.com.br\/wp-content\/uploads\/2016\/11\/imgemjogo.jpg\"  width=\"648\" height=\"524\"\/><br \/>\n<a href=\"https:\/\/docs.google.com\/presentation\/d\/1LPEpIB0NvAHMVTHF_SAszMzSLFnTPYbuiYSTfA5HnPM\/pub?start=true&#038;loop=false&#038;delayms=5000\" target=\"_blank\" id=\"pain_1\"><\/a><br \/>\n<a \nhref=\"https:\/\/docs.google.com\/presentation\/d\/1syqATXKm7LZj8-psLaMXQn_fuiYwxv-Fmupgile57Zw\/pub?start=true&#038;loop=false&#038;delayms=5000\" target=\"_blank\" id=\"pain_2\"><\/a><br \/>\n<a href=\"https:\/\/docs.google.com\/presentation\/d\/1XxVAj_UxElduMtBZF_YO9x0b4eOM8WNuQABIhSaOpKM\/pub?start=true&#038;loop=false&#038;delayms=5000\" target=\"_blank\" id=\"pain_3\"><\/a><br \/>\n<a \nhref=\"https:\/\/docs.google.com\/presentation\/d\/15F1FxnvEjy-Z7i3a60NOTNt7oRmz9S3JyyX3zh-0Pwo\/pub?start=true&#038;loop=false&#038;delayms=5000\" target=\"_blank\" id=\"pain_4\"><\/a><br \/>\n<a \nhref=\"https:\/\/docs.google.com\/presentation\/d\/1VRte8fEVGzbtBxeOZY3-3KRDEIN27J-PbCORAhSk370\/pub?start=true&#038;loop=false&#038;delayms=5000\" target=\"_blank\" id=\"pain_5\"><\/a><br \/>\n<a href=\"https:\/\/docs.google.com\/presentation\/d\/1UBqfC5ZIeBb5JfmqCLWXqlrAcroMJj7i30y4LKnd7yk\/pub?start=true&#038;loop=false&#038;delayms=5000\" target=\"_blank\" id=\"pain_6\"><\/a><br \/>\n<a \nhref=\"https:\/\/docs.google.com\/presentation\/d\/15yEk7TFcD7TK_--0oWsEKCqA2uFR7DY6f1Aq6jFweC0\/pub?start=true&#038;loop=false&#038;delayms=5000\" target=\"_blank\" id=\"pain_7\"><\/a><br \/>\n<a href=\"https:\/\/docs.google.com\/presentation\/d\/1oM6kQpzuCXGJwQRDgNJCN5aQ5mdzHY86ic9snlpFkw4\/pub?start=true&#038;loop=false&#038;delayms=5000\" target=\"_blank\" id=\"pain_8\"><\/a><br \/>\n<a \nhref=\"https:\/\/docs.google.com\/presentation\/d\/1fUZ9CvUNvwWoLWprTyxB335W3jUn2F4Rp0K9fAR5080\/pub?start=true&#038;loop=false&#038;delayms=5000\" target=\"_blank\" id=\"pain_9\"><\/a>\n<\/div>\n","protected":false},"excerpt":{"rendered":"<p>Acompanhe a hist\u00f3ria do nosso personagem\u00a0Davi\u00a0em seu\u00a0Caminho da Recupera\u00e7\u00e3o. Veja o que ele fez para conseguir melhorar. Acompanhe cada passo da sua estrada clicando em<\/p>\n<div class=\"read-more-wrapper\"><a class=\"link small\" href=\"http:\/\/pesquisaemdor.com.br\/?page_id=59\" role=\"button\">Read more<span class=\"nc-icon-glyph arrows-1_bold-right\"><\/span><\/a><\/div>\n","protected":false},"author":1,"featured_media":0,"parent":0,"menu_order":0,"comment_status":"closed","ping_status":"closed","template":"page-templates\/sidebar-right.php","meta":{"footnotes":""},"_links":{"self":[{"href":"http:\/\/pesquisaemdor.com.br\/index.php?rest_route=\/wp\/v2\/pages\/59"}],"collection":[{"href":"http:\/\/pesquisaemdor.com.br\/index.php?rest_route=\/wp\/v2\/pages"}],"about":[{"href":"http:\/\/pesquisaemdor.com.br\/index.php?rest_route=\/wp\/v2\/types\/page"}],"author":[{"embeddable":true,"href":"http:\/\/pesquisaemdor.com.br\/index.php?rest_route=\/wp\/v2\/users\/1"}],"replies":[{"embeddable":true,"href":"http:\/\/pesquisaemdor.com.br\/index.php?rest_route=%2Fwp%2Fv2%2Fcomments&post=59"}],"version-history":[{"count":30,"href":"http:\/\/pesquisaemdor.com.br\/index.php?rest_route=\/wp\/v2\/pages\/59\/revisions"}],"predecessor-version":[{"id":896,"href":"http:\/\/pesquisaemdor.com.br\/index.php?rest_route=\/wp\/v2\/pages\/59\/revisions\/896"}],"wp:attachment":[{"href":"http:\/\/pesquisaemdor.com.br\/index.php?rest_route=%2Fwp%2Fv2%2Fmedia&parent=59"}],"curies":[{"name":"wp","href":"https:\/\/api.w.org\/{rel}","templated":true}]}}