{"id":64,"date":"2016-10-18T02:38:48","date_gmt":"2016-10-18T02:38:48","guid":{"rendered":"http:\/\/pesquisaemdor.com.br\/?page_id=64"},"modified":"2021-10-03T15:34:45","modified_gmt":"2021-10-03T15:34:45","slug":"download","status":"publish","type":"page","link":"http:\/\/pesquisaemdor.com.br\/?page_id=64","title":{"rendered":"Entendendo a Dor"},"content":{"rendered":"<h3><\/h3>\n<h2>Alguns passos que podem trazer grandes mudan\u00e7as na vida.<\/h2>\n<p><a href=\"http:\/\/pesquisaemdor.com.br\/wp-content\/uploads\/2016\/10\/Caminhando-por-ai.jpg\"><img fetchpriority=\"high\" decoding=\"async\" class=\"alignnone size-full wp-image-386\" src=\"http:\/\/pesquisaemdor.com.br\/wp-content\/uploads\/2016\/10\/Caminhando-por-ai.jpg\" alt=\"caminhando-por-ai\" width=\"1024\" height=\"440\" srcset=\"http:\/\/pesquisaemdor.com.br\/wp-content\/uploads\/2016\/10\/Caminhando-por-ai.jpg 1024w, http:\/\/pesquisaemdor.com.br\/wp-content\/uploads\/2016\/10\/Caminhando-por-ai-300x129.jpg 300w, http:\/\/pesquisaemdor.com.br\/wp-content\/uploads\/2016\/10\/Caminhando-por-ai-768x330.jpg 768w\" sizes=\"(max-width: 1024px) 100vw, 1024px\" \/><\/a><\/p>\n<div class=\"c-card c-bg-white\" data-height=\"height\">\n<div class=\"c-content c-content-left\">\n<h2 class=\"c-font-uppercase\">Entenda e Modifique a sua Dor<\/h2>\n<p class=\"c-font-uppercase\">Depois de passear junto com nosso personagem Davi na sua Estrada da Dor, voc\u00ea poder\u00e1 fazer o download da nossa cartilha. As informa\u00e7\u00f5es apresentadas s\u00e3o atuais e ir\u00e3o ajudar voc\u00ea entender cada vez mais sobre dor. \u00a0Al\u00e9m disso, \u00e9 poss\u00edvel entender quais modifica\u00e7\u00f5es voc\u00ea pode fazer na sua vida que poder\u00e3o ajudar. (<em><a href=\"https:\/\/drive.google.com\/file\/d\/16wkLwK00lt4uoPVFr1BIuBRtZRqoqG6M\/view?usp=sharing\">Cartilha<\/a>)<\/em><\/p>\n<\/div>\n<\/div>\n<h2>\u00a010 passos\u00a0para modificar a sua dor.<\/h2>\n<div class=\"c-card c-bg-white\" data-height=\"height\">\n<div class=\"c-content c-content-left\">\n<p><strong>Passo 1:\u00a0<\/strong><a href=\"https:\/\/drive.google.com\/file\/d\/0B0naGsRT_r34YTRQcnFHTThxZ3c\/view?usp=sharing&amp;resourcekey=0-jAIuhzXoPnWmHJUAsKBYTQ\">Reconhecendo e Praticando a Aceita\u00e7\u00e3o<\/a><\/p>\n<p><strong>Passo 2: <\/strong><a href=\"https:\/\/drive.google.com\/file\/d\/0B0naGsRT_r34eU1CaUU4bmJLQkk\/view?usp=sharing&amp;resourcekey=0-yAzYZ09vRavf_T2aJLAsqA\">Muitos fatores podem influenciar a Dor<\/a><\/p>\n<p><strong>Passo 3:\u00a0<\/strong><a href=\"https:\/\/drive.google.com\/file\/d\/0B0naGsRT_r34ZXF5S3FPaUVkamc\/view?usp=sharing&amp;resourcekey=0-2MD27IJN6B0HXRs32nBSrQ\">Melhorando o Sono <\/a><\/p>\n<p><strong>Passo 4:\u00a0<\/strong><a href=\"https:\/\/drive.google.com\/file\/d\/0B0naGsRT_r34cEdoOVRPOUdhbTQ\/view?usp=sharing&amp;resourcekey=0-kqy4lVqUwrhoo7gp8xZO6w\">Praticando Relaxamento<\/a><\/p>\n<p><strong>Passo 5<\/strong>: \u00a0<a href=\"https:\/\/drive.google.com\/file\/d\/0B0naGsRT_r34Si1feE4zWTIzclU\/view?usp=sharing&amp;resourcekey=0-NC3b8AJ7Ppzpm_JSn8UNJQ\">Voltando as Atividades<\/a><\/p>\n<p><strong>Passo 6:\u00a0<\/strong><a href=\"https:\/\/drive.google.com\/file\/d\/0B0naGsRT_r34NjlKa0c3b0RHcjQ\/view?usp=sharing&amp;resourcekey=0-XBt1DjGuU7rVGFG7Q9nsrg\">Controlando as atividades<\/a><\/p>\n<p><strong>Passo 7: <\/strong><a href=\"https:\/\/drive.google.com\/file\/d\/0B0naGsRT_r34cTR2VUNyN1RBdUE\/view?usp=sharing&amp;resourcekey=0-QQ49USRrjxMYdOqhN8SI6Q\">Mudando Pensamentos<\/a><\/p>\n<p><strong>Passo 8: <\/strong><a href=\"https:\/\/drive.google.com\/file\/d\/0B0naGsRT_r34RFFTaWRMZWhfWXM\/view?usp=sharing&amp;resourcekey=0-oNSogc3g7LmG2IRnW0g7Bg\">Experimente outras Atividades Prazerosas<\/a><\/p>\n<p><strong>Passo 9<\/strong>: <a href=\"https:\/\/drive.google.com\/file\/d\/0B0naGsRT_r34LWlXV3l5Y1BZVU0\/view?usp=sharing&amp;resourcekey=0-10UCLcdmfNguqGWAQ-NLhQ\">Como Praticar Exerc\u00edcios<\/a><\/p>\n<p><strong>Passo 10:<\/strong><a href=\"https:\/\/drive.google.com\/file\/d\/0B0naGsRT_r34WV93RmhIeV9hZzQ\/view?usp=sharing&amp;resourcekey=0-GCWZlKqJkbyT_HxjYr_Cxw\">Melhorando as Rela\u00e7\u00f5es<\/a><\/p>\n<\/div>\n<\/div>\n<div class=\"c-card c-bg-white\" data-height=\"height\">\n<div class=\"c-content c-content-left\">\n<h4 class=\"c-font-uppercase\"><\/h4>\n<\/div>\n<\/div>\n","protected":false},"excerpt":{"rendered":"<p>Alguns passos que podem trazer grandes mudan\u00e7as na vida. Entenda e Modifique a sua Dor Depois de passear junto com nosso personagem Davi na sua<\/p>\n<div class=\"read-more-wrapper\"><a class=\"link small\" href=\"http:\/\/pesquisaemdor.com.br\/?page_id=64\" role=\"button\">Read more<span class=\"nc-icon-glyph arrows-1_bold-right\"><\/span><\/a><\/div>\n","protected":false},"author":1,"featured_media":0,"parent":0,"menu_order":0,"comment_status":"closed","ping_status":"closed","template":"page-templates\/sidebar-right.php","meta":{"footnotes":""},"_links":{"self":[{"href":"http:\/\/pesquisaemdor.com.br\/index.php?rest_route=\/wp\/v2\/pages\/64"}],"collection":[{"href":"http:\/\/pesquisaemdor.com.br\/index.php?rest_route=\/wp\/v2\/pages"}],"about":[{"href":"http:\/\/pesquisaemdor.com.br\/index.php?rest_route=\/wp\/v2\/types\/page"}],"author":[{"embeddable":true,"href":"http:\/\/pesquisaemdor.com.br\/index.php?rest_route=\/wp\/v2\/users\/1"}],"replies":[{"embeddable":true,"href":"http:\/\/pesquisaemdor.com.br\/index.php?rest_route=%2Fwp%2Fv2%2Fcomments&post=64"}],"version-history":[{"count":41,"href":"http:\/\/pesquisaemdor.com.br\/index.php?rest_route=\/wp\/v2\/pages\/64\/revisions"}],"predecessor-version":[{"id":1224,"href":"http:\/\/pesquisaemdor.com.br\/index.php?rest_route=\/wp\/v2\/pages\/64\/revisions\/1224"}],"wp:attachment":[{"href":"http:\/\/pesquisaemdor.com.br\/index.php?rest_route=%2Fwp%2Fv2%2Fmedia&parent=64"}],"curies":[{"name":"wp","href":"https:\/\/api.w.org\/{rel}","templated":true}]}}