{"id":79,"date":"2016-10-18T02:51:13","date_gmt":"2016-10-18T02:51:13","guid":{"rendered":"http:\/\/pesquisaemdor.com.br\/?page_id=79"},"modified":"2024-07-16T16:08:13","modified_gmt":"2024-07-16T16:08:13","slug":"cursos","status":"publish","type":"page","link":"http:\/\/pesquisaemdor.com.br\/?page_id=79","title":{"rendered":"Programa TED-on"},"content":{"rendered":"\t\t<div data-elementor-type=\"wp-page\" data-elementor-id=\"79\" class=\"elementor elementor-79\">\n\t\t\t\t<div class=\"elementor-element elementor-element-e82da41 e-flex e-con-boxed e-con e-parent\" data-id=\"e82da41\" data-element_type=\"container\">\n\t\t\t\t\t<div class=\"e-con-inner\">\n\t\t\t\t<div class=\"elementor-element elementor-element-6a41418 elementor-widget elementor-widget-image\" data-id=\"6a41418\" data-element_type=\"widget\" data-widget_type=\"image.default\">\n\t\t\t\t<div class=\"elementor-widget-container\">\n\t\t\t<style>\/*! elementor - v3.22.0 - 26-06-2024 *\/\n.elementor-widget-image{text-align:center}.elementor-widget-image a{display:inline-block}.elementor-widget-image a img[src$=\".svg\"]{width:48px}.elementor-widget-image img{vertical-align:middle;display:inline-block}<\/style>\t\t\t\t\t\t\t\t\t\t<img fetchpriority=\"high\" decoding=\"async\" width=\"750\" height=\"248\" src=\"http:\/\/pesquisaemdor.com.br\/wp-content\/uploads\/2024\/07\/Captura-de-Tela-2024-07-06-as-21.43.27-1024x339.png\" class=\"attachment-large size-large wp-image-1268\" alt=\"\" srcset=\"http:\/\/pesquisaemdor.com.br\/wp-content\/uploads\/2024\/07\/Captura-de-Tela-2024-07-06-as-21.43.27-1024x339.png 1024w, http:\/\/pesquisaemdor.com.br\/wp-content\/uploads\/2024\/07\/Captura-de-Tela-2024-07-06-as-21.43.27-300x99.png 300w, http:\/\/pesquisaemdor.com.br\/wp-content\/uploads\/2024\/07\/Captura-de-Tela-2024-07-06-as-21.43.27-768x254.png 768w, http:\/\/pesquisaemdor.com.br\/wp-content\/uploads\/2024\/07\/Captura-de-Tela-2024-07-06-as-21.43.27-1536x509.png 1536w, http:\/\/pesquisaemdor.com.br\/wp-content\/uploads\/2024\/07\/Captura-de-Tela-2024-07-06-as-21.43.27.png 1842w\" sizes=\"(max-width: 750px) 100vw, 750px\" \/>\t\t\t\t\t\t\t\t\t\t\t\t\t<\/div>\n\t\t\t\t<\/div>\n\t\t\t\t\t<\/div>\n\t\t\t\t<\/div>\n\t\t<div class=\"elementor-element elementor-element-c4c856d e-flex e-con-boxed e-con e-parent\" data-id=\"c4c856d\" data-element_type=\"container\" data-settings=\"{&quot;background_background&quot;:&quot;classic&quot;}\">\n\t\t\t\t\t<div class=\"e-con-inner\">\n\t\t\t\t<div class=\"elementor-element elementor-element-a61c1d8 elementor-widget elementor-widget-heading\" data-id=\"a61c1d8\" data-element_type=\"widget\" data-widget_type=\"heading.default\">\n\t\t\t\t<div class=\"elementor-widget-container\">\n\t\t\t<style>\/*! elementor - v3.22.0 - 26-06-2024 *\/\n.elementor-heading-title{padding:0;margin:0;line-height:1}.elementor-widget-heading .elementor-heading-title[class*=elementor-size-]>a{color:inherit;font-size:inherit;line-height:inherit}.elementor-widget-heading .elementor-heading-title.elementor-size-small{font-size:15px}.elementor-widget-heading .elementor-heading-title.elementor-size-medium{font-size:19px}.elementor-widget-heading .elementor-heading-title.elementor-size-large{font-size:29px}.elementor-widget-heading .elementor-heading-title.elementor-size-xl{font-size:39px}.elementor-widget-heading .elementor-heading-title.elementor-size-xxl{font-size:59px}<\/style><h2 class=\"elementor-heading-title elementor-size-default\">Programa Gratuito de Treinamento em Dor Online (TED-On)<\/h2>\t\t<\/div>\n\t\t\t\t<\/div>\n\t\t\t\t\t<\/div>\n\t\t\t\t<\/div>\n\t\t<div class=\"elementor-element elementor-element-c05c10d e-flex e-con-boxed e-con e-parent\" data-id=\"c05c10d\" data-element_type=\"container\">\n\t\t\t\t\t<div class=\"e-con-inner\">\n\t\t\t\t<div class=\"elementor-element elementor-element-3a921e0 elementor-widget elementor-widget-text-editor\" data-id=\"3a921e0\" data-element_type=\"widget\" data-widget_type=\"text-editor.default\">\n\t\t\t\t<div class=\"elementor-widget-container\">\n\t\t\t<style>\/*! elementor - v3.22.0 - 26-06-2024 *\/\n.elementor-widget-text-editor.elementor-drop-cap-view-stacked .elementor-drop-cap{background-color:#69727d;color:#fff}.elementor-widget-text-editor.elementor-drop-cap-view-framed .elementor-drop-cap{color:#69727d;border:3px solid;background-color:transparent}.elementor-widget-text-editor:not(.elementor-drop-cap-view-default) .elementor-drop-cap{margin-top:8px}.elementor-widget-text-editor:not(.elementor-drop-cap-view-default) .elementor-drop-cap-letter{width:1em;height:1em}.elementor-widget-text-editor .elementor-drop-cap{float:left;text-align:center;line-height:1;font-size:50px}.elementor-widget-text-editor .elementor-drop-cap-letter{display:inline-block}<\/style>\t\t\t\t<p><span style=\"color: #333333; font-family: Lato, 'Helvetica Neue', Helvetica, Arial, sans-serif; font-size: 16px; font-style: normal; font-variant-ligatures: normal; font-variant-caps: normal; font-weight: 400; text-align: var(--text-align);\">O Programa TED-On foi desenvolvido para ser um treinamento<\/span><span style=\"color: #333333; font-family: Lato, 'Helvetica Neue', Helvetica, Arial, sans-serif; font-size: 16px; font-style: normal; font-variant-ligatures: normal; font-variant-caps: normal; font-weight: 400; text-align: var(--text-align);\">\u00a0<\/span><span style=\"color: #333333; font-family: Lato, 'Helvetica Neue', Helvetica, Arial, sans-serif; font-size: 16px; font-style: normal; font-variant-ligatures: normal; font-variant-caps: normal; text-align: var(--text-align); font-weight: bold;\">gratuito<\/span><span style=\"color: #333333; font-family: Lato, 'Helvetica Neue', Helvetica, Arial, sans-serif; font-size: 16px; font-style: normal; font-variant-ligatures: normal; font-variant-caps: normal; font-weight: 400; text-align: var(--text-align);\">\u00a0<\/span><span style=\"color: #333333; font-family: Lato, 'Helvetica Neue', Helvetica, Arial, sans-serif; font-size: 16px; font-style: normal; font-variant-ligatures: normal; font-variant-caps: normal; font-weight: 400; text-align: var(--text-align);\">para Fisioterapeutas na abordagem das pessoas com dor.<\/span><\/p>\n<p style=\"font-style: normal; font-variant-ligatures: normal; font-variant-caps: normal; font-weight: 400; font-size: 16px; font-family: Lato, 'Helvetica Neue', Helvetica, Arial, sans-serif; color: #333333;\">Para que pud\u00e9ssemos garantir a efetividade desse programa e entender qual seria a melhor forma de entregar o conte\u00fado, n\u00f3s fizemos um estudo que comparou os resultados no conhecimento e na percep\u00e7\u00e3o da confian\u00e7a no manejo de pessoas com dor entre um grupo que recebeu o conte\u00fado em forma de cartilha e outro grupo que recebeu em v\u00eddeo ao longo de 5 semanas. Os volunt\u00e1rios foram avaliados imediatamente ap\u00f3s 5 semanas e 3 meses ap\u00f3s o programa.<\/p>\n<p style=\"font-style: normal; font-variant-ligatures: normal; font-variant-caps: normal; font-weight: 400; font-size: 16px; font-family: Lato, 'Helvetica Neue', Helvetica, Arial, sans-serif; color: #333333;\">O estudo mostrou que ambos os grupos tiveram melhoras tanto no conhecimento quanto na confian\u00e7a, sem que houvesse diferen\u00e7a entre eles. O estudo est\u00e1 em vias de prepara\u00e7\u00e3o para ser publicado e em breve os resultados completos ser\u00e3o divulgados aqui no PED.<\/p>\n<p style=\"font-style: normal; font-variant-ligatures: normal; font-variant-caps: normal; font-weight: 400; font-size: 16px; font-family: Lato, 'Helvetica Neue', Helvetica, Arial, sans-serif; color: #333333;\">Agora, que conhecemos os efeitos do TED-on, poderemos liberar para que outros fisioterapeutas sejam treinados.<\/p>\t\t\t\t\t\t<\/div>\n\t\t\t\t<\/div>\n\t\t\t\t\t<\/div>\n\t\t\t\t<\/div>\n\t\t<div class=\"elementor-element elementor-element-f2f9bb2 e-flex e-con-boxed e-con e-parent\" data-id=\"f2f9bb2\" data-element_type=\"container\">\n\t\t\t\t\t<div class=\"e-con-inner\">\n\t\t\t\t<div class=\"elementor-element elementor-element-4cba9e8 elementor-widget elementor-widget-text-editor\" data-id=\"4cba9e8\" data-element_type=\"widget\" data-widget_type=\"text-editor.default\">\n\t\t\t\t<div class=\"elementor-widget-container\">\n\t\t\t\t\t\t\t<h4><strong>Conhe\u00e7a o conte\u00fado do TED-on:<\/strong><\/h4>\n<h4><strong>M\u00f3dulos:<\/strong><\/h4>\n<ul>\n<li>Epidemiologia da dor<\/li>\n<li>Conceitos sobre dor Multidimensionalidade da dor Fatores predisponentes para a dor cr\u00f4nica<\/li>\n<li>Bases da Neuroci\u00eancia da dor<\/li>\n<li>Avalia\u00e7\u00e3o da dor<\/li>\n<li>Tratamento Fisioterap\u00eautico da dor baseados em abordagens educativas e comportamentais<\/li>\n<li>Tratamento Fisioterap\u00eautico da dor baseadas em exerc\u00edcios e terapia manual.<\/li>\n<li>Papel do fisioterapeuta no gerenciamento interprofissional da dor<\/li>\n<\/ul>\n<p>\u00a0<\/p>\t\t\t\t\t\t<\/div>\n\t\t\t\t<\/div>\n\t\t\t\t\t<\/div>\n\t\t\t\t<\/div>\n\t\t<div class=\"elementor-element elementor-element-6717299 e-flex e-con-boxed e-con e-parent\" data-id=\"6717299\" data-element_type=\"container\">\n\t\t\t\t\t<div class=\"e-con-inner\">\n\t\t\t\t<div class=\"elementor-element elementor-element-6f93a89 elementor-widget elementor-widget-text-editor\" data-id=\"6f93a89\" data-element_type=\"widget\" data-widget_type=\"text-editor.default\">\n\t\t\t\t<div class=\"elementor-widget-container\">\n\t\t\t\t\t\t\t<p><strong>Inscri\u00e7\u00f5es para o Pr\u00f3ximo Programa TED-on:<\/strong> Em breve<\/p><p><strong>N\u00famero de vagas:\u00a0<\/strong>350<\/p><p><strong>Formato de entrega do conte\u00fado:<\/strong>\u00a0Pdf e V\u00eddeo-aula<\/p><p><strong>Tempo de Acesso ao Material:<\/strong>\u00a02 meses<\/p><p>Os 350 primeiros inscritos ser\u00e3o convidados por email para participar do programa.<\/p><p>Acesse o formul\u00e1rio de pr\u00e9-inscri\u00e7\u00e3o clicando no link.<\/p>\t\t\t\t\t\t<\/div>\n\t\t\t\t<\/div>\n\t\t\t\t\t<\/div>\n\t\t\t\t<\/div>\n\t\t<div class=\"elementor-element elementor-element-1a07398 e-flex e-con-boxed e-con e-parent\" data-id=\"1a07398\" data-element_type=\"container\" data-settings=\"{&quot;background_background&quot;:&quot;classic&quot;}\">\n\t\t\t\t\t<div class=\"e-con-inner\">\n\t\t\t\t<div class=\"elementor-element elementor-element-d1bedaf elementor-widget elementor-widget-heading\" data-id=\"d1bedaf\" data-element_type=\"widget\" data-widget_type=\"heading.default\">\n\t\t\t\t<div class=\"elementor-widget-container\">\n\t\t\t<h2 class=\"elementor-heading-title elementor-size-default\">Outros Cursos de Treinamento<br><\/h2>\t\t<\/div>\n\t\t\t\t<\/div>\n\t\t\t\t\t<\/div>\n\t\t\t\t<\/div>\n\t\t<div class=\"elementor-element elementor-element-2e4010b e-flex e-con-boxed e-con e-parent\" data-id=\"2e4010b\" data-element_type=\"container\">\n\t\t\t\t\t<div class=\"e-con-inner\">\n\t\t\t\t<div class=\"elementor-element elementor-element-1e20ca3 elementor-widget elementor-widget-text-editor\" data-id=\"1e20ca3\" data-element_type=\"widget\" data-widget_type=\"text-editor.default\">\n\t\t\t\t<div class=\"elementor-widget-container\">\n\t\t\t\t\t\t\t<p><strong>Neuroci\u00eancia da Dor Aplicada a Pr\u00e1tica Cl\u00ednica<\/strong>\u00a0\u2013 Prof. Felipe Reis, PhD.<\/p>\t\t\t\t\t\t<\/div>\n\t\t\t\t<\/div>\n\t\t\t\t\t<\/div>\n\t\t\t\t<\/div>\n\t\t<div class=\"elementor-element elementor-element-4f601a5 e-flex e-con-boxed e-con e-parent\" data-id=\"4f601a5\" data-element_type=\"container\">\n\t\t\t\t\t<div class=\"e-con-inner\">\n\t\t\t\t<div class=\"elementor-element elementor-element-5819532 elementor-widget elementor-widget-text-editor\" data-id=\"5819532\" data-element_type=\"widget\" data-widget_type=\"text-editor.default\">\n\t\t\t\t<div class=\"elementor-widget-container\">\n\t\t\t\t\t\t\t<p><strong>Dor Lombar Cr\u00f4nica: Abordagem Multidimensional Biopsicossocial<\/strong> \u2013 Prof. Ney Meziat-Filho, PhD<\/p>\t\t\t\t\t\t<\/div>\n\t\t\t\t<\/div>\n\t\t\t\t\t<\/div>\n\t\t\t\t<\/div>\n\t\t\t\t<\/div>\n\t\t","protected":false},"excerpt":{"rendered":"<p>Programa Gratuito de Treinamento em Dor Online (TED-On) O Programa TED-On foi desenvolvido para ser um treinamento\u00a0gratuito\u00a0para Fisioterapeutas na abordagem das pessoas com dor. Para<\/p>\n<div class=\"read-more-wrapper\"><a class=\"link small\" href=\"http:\/\/pesquisaemdor.com.br\/?page_id=79\" role=\"button\">Read more<span class=\"nc-icon-glyph arrows-1_bold-right\"><\/span><\/a><\/div>\n","protected":false},"author":1,"featured_media":0,"parent":0,"menu_order":0,"comment_status":"closed","ping_status":"closed","template":"page-templates\/sidebar-right.php","meta":{"footnotes":""},"_links":{"self":[{"href":"http:\/\/pesquisaemdor.com.br\/index.php?rest_route=\/wp\/v2\/pages\/79"}],"collection":[{"href":"http:\/\/pesquisaemdor.com.br\/index.php?rest_route=\/wp\/v2\/pages"}],"about":[{"href":"http:\/\/pesquisaemdor.com.br\/index.php?rest_route=\/wp\/v2\/types\/page"}],"author":[{"embeddable":true,"href":"http:\/\/pesquisaemdor.com.br\/index.php?rest_route=\/wp\/v2\/users\/1"}],"replies":[{"embeddable":true,"href":"http:\/\/pesquisaemdor.com.br\/index.php?rest_route=%2Fwp%2Fv2%2Fcomments&post=79"}],"version-history":[{"count":58,"href":"http:\/\/pesquisaemdor.com.br\/index.php?rest_route=\/wp\/v2\/pages\/79\/revisions"}],"predecessor-version":[{"id":1335,"href":"http:\/\/pesquisaemdor.com.br\/index.php?rest_route=\/wp\/v2\/pages\/79\/revisions\/1335"}],"wp:attachment":[{"href":"http:\/\/pesquisaemdor.com.br\/index.php?rest_route=%2Fwp%2Fv2%2Fmedia&parent=79"}],"curies":[{"name":"wp","href":"https:\/\/api.w.org\/{rel}","templated":true}]}}