{"id":81,"date":"2016-10-18T02:51:37","date_gmt":"2016-10-18T02:51:37","guid":{"rendered":"http:\/\/pesquisaemdor.com.br\/?page_id=81"},"modified":"2021-10-03T15:14:27","modified_gmt":"2021-10-03T15:14:27","slug":"produtos","status":"publish","type":"page","link":"http:\/\/pesquisaemdor.com.br\/?page_id=81","title":{"rendered":"Produtos"},"content":{"rendered":"<h3>Jogos de Tabuleiro para Educa\u00e7\u00e3o em Dor<\/h3>\n<h4><a href=\"http:\/\/pesquisaemdor.com.br\/wp-content\/uploads\/2018\/08\/dolorometro.jpg\"><img fetchpriority=\"high\" decoding=\"async\" class=\"alignleft size-medium wp-image-1016\" src=\"http:\/\/pesquisaemdor.com.br\/wp-content\/uploads\/2018\/08\/dolorometro-214x300.jpg\" alt=\"\" width=\"214\" height=\"300\" srcset=\"http:\/\/pesquisaemdor.com.br\/wp-content\/uploads\/2018\/08\/dolorometro-214x300.jpg 214w, http:\/\/pesquisaemdor.com.br\/wp-content\/uploads\/2018\/08\/dolorometro.jpg 443w\" sizes=\"(max-width: 214px) 100vw, 214px\" \/><\/a>Jogo de Tabuleiro Dolor\u00d4metro<\/h4>\n<p>Com o jogo de Tabuleiro Dolor\u00d4metro\u00a0 \u00e9 poss\u00edvel identificar as principais cren\u00e7as do paciente. A mec\u00e2nica do jogo especialmente desenvolvida para as pessoas com dor permite identificar as cren\u00e7as para a realizar a Educa\u00e7\u00e3o em Dor.<\/p>\n<p>Baixe todo o conte\u00fado do Jogo Dolor\u00f4metro (layout do tabuleiro em A3, cartas e regras) no link abaixo.<\/p>\n<h3>Jogo Dolor\u00d4metro\u00a0(<a href=\"https:\/\/drive.google.com\/open?id=1AJUTM8gyo--BfG6imkJJwI3WHzxEe-xk\">Vers\u00e3o em Portugu\u00eas<\/a>) .<\/h3>\n<h3>Juego Dolor\u00d4metro (<a href=\"https:\/\/drive.google.com\/open?id=1OCw19IVUwk7lNPCnMKjKBAUy0Hz7Nx4s\">Versi\u00f3n en Espa\u00f1ol<\/a>)<\/h3>\n<h3>Board Game Dolor\u00d4meter (<a href=\"https:\/\/drive.google.com\/open?id=1gnxEn7FbDZ1U4Ik7wuH0U5K1NoNqYEg7\">English Version<\/a>)<\/h3>\n<h3>Jeu de Plateau DouleurOm\u00e8tre (<a href=\"https:\/\/drive.google.com\/drive\/folders\/152d9kBclm8Alt7A4na8hjPqXwOsDcK4p?usp=sharing\">Version Fran\u00e7aise<\/a>)<\/h3>\n<p>\u00a0<\/p>\n<h2>\u00a0<\/h2>\n<h3>Sistema de Banco de Dados para Avalia\u00e7\u00e3o de Dor:<\/h3>\n<h4><a href=\"http:\/\/pesquisaemdor.com.br\/wp-content\/uploads\/2020\/09\/Captura-de-Tela-2020-09-03-a\u0300s-19.10.24.jpg\"><img decoding=\"async\" class=\"alignleft size-medium wp-image-1071\" src=\"http:\/\/pesquisaemdor.com.br\/wp-content\/uploads\/2020\/09\/Captura-de-Tela-2020-09-03-a\u0300s-19.10.24-300x164.jpg\" alt=\"\" width=\"300\" height=\"164\" srcset=\"http:\/\/pesquisaemdor.com.br\/wp-content\/uploads\/2020\/09\/Captura-de-Tela-2020-09-03-a\u0300s-19.10.24-300x164.jpg 300w, http:\/\/pesquisaemdor.com.br\/wp-content\/uploads\/2020\/09\/Captura-de-Tela-2020-09-03-a\u0300s-19.10.24-768x420.jpg 768w, http:\/\/pesquisaemdor.com.br\/wp-content\/uploads\/2020\/09\/Captura-de-Tela-2020-09-03-a\u0300s-19.10.24.jpg 1015w\" sizes=\"(max-width: 300px) 100vw, 300px\" \/><\/a><\/h4>\n<h4>Vers\u00e3o Windows (<a href=\"https:\/\/drive.google.com\/file\/d\/11Y2PuXxka120A4094UtlMoN4OTRsl7j0\/view?usp=sharing\">Download<\/a>)<\/h4>\n<h4>Vers\u00e3o Mac (<a href=\"https:\/\/drive.google.com\/file\/d\/1MRskfuhaR6abafGlYrmZn22e51SVeP4d\/view?usp=sharing\">Download<\/a>)<\/h4>\n<h4>Workshop de Lan\u00e7amento e Tutorial para uso do Sistema (minuto 47.00) &#8211; <a href=\"https:\/\/www.youtube.com\/watch?v=I442lQsygW0\">Acesse\u00a0<\/a><\/h4>\n<p>\u00a0<\/p>\n<p>\u00a0<\/p>\n<p>\u00a0<\/p>\n<p>\u00a0<\/p>\n<p>\u00a0<\/p>\n\n\n<p><\/p>\n","protected":false},"excerpt":{"rendered":"<p>Jogos de Tabuleiro para Educa\u00e7\u00e3o em Dor Jogo de Tabuleiro Dolor\u00d4metro Com o jogo de Tabuleiro Dolor\u00d4metro\u00a0 \u00e9 poss\u00edvel identificar as principais cren\u00e7as do paciente.<\/p>\n<div class=\"read-more-wrapper\"><a class=\"link small\" href=\"http:\/\/pesquisaemdor.com.br\/?page_id=81\" role=\"button\">Read more<span class=\"nc-icon-glyph arrows-1_bold-right\"><\/span><\/a><\/div>\n","protected":false},"author":1,"featured_media":0,"parent":0,"menu_order":0,"comment_status":"closed","ping_status":"closed","template":"page-templates\/sidebar-right.php","meta":{"footnotes":""},"_links":{"self":[{"href":"http:\/\/pesquisaemdor.com.br\/index.php?rest_route=\/wp\/v2\/pages\/81"}],"collection":[{"href":"http:\/\/pesquisaemdor.com.br\/index.php?rest_route=\/wp\/v2\/pages"}],"about":[{"href":"http:\/\/pesquisaemdor.com.br\/index.php?rest_route=\/wp\/v2\/types\/page"}],"author":[{"embeddable":true,"href":"http:\/\/pesquisaemdor.com.br\/index.php?rest_route=\/wp\/v2\/users\/1"}],"replies":[{"embeddable":true,"href":"http:\/\/pesquisaemdor.com.br\/index.php?rest_route=%2Fwp%2Fv2%2Fcomments&post=81"}],"version-history":[{"count":13,"href":"http:\/\/pesquisaemdor.com.br\/index.php?rest_route=\/wp\/v2\/pages\/81\/revisions"}],"predecessor-version":[{"id":1241,"href":"http:\/\/pesquisaemdor.com.br\/index.php?rest_route=\/wp\/v2\/pages\/81\/revisions\/1241"}],"wp:attachment":[{"href":"http:\/\/pesquisaemdor.com.br\/index.php?rest_route=%2Fwp%2Fv2%2Fmedia&parent=81"}],"curies":[{"name":"wp","href":"https:\/\/api.w.org\/{rel}","templated":true}]}}