{"id":1152,"date":"2024-06-29T22:04:03","date_gmt":"2024-06-29T22:04:03","guid":{"rendered":"https:\/\/pesquisaemdor.com.br\/?page_id=1152"},"modified":"2024-07-16T15:59:26","modified_gmt":"2024-07-16T15:59:26","slug":"missao-do-pesquisa-em-dor","status":"publish","type":"page","link":"https:\/\/pesquisaemdor.com.br\/?page_id=1152","title":{"rendered":"Miss\u00e3o do Pesquisa em Dor"},"content":{"rendered":"\t\t<div data-elementor-type=\"wp-page\" data-elementor-id=\"1152\" class=\"elementor elementor-1152\">\n\t\t\t\t<div class=\"elementor-element elementor-element-5d15c1e e-flex e-con-boxed e-con e-parent\" data-id=\"5d15c1e\" data-element_type=\"container\">\n\t\t\t\t\t<div class=\"e-con-inner\">\n\t\t\t\t<div class=\"elementor-element elementor-element-bb68074 elementor-widget elementor-widget-image\" data-id=\"bb68074\" data-element_type=\"widget\" data-widget_type=\"image.default\">\n\t\t\t\t<div class=\"elementor-widget-container\">\n\t\t\t<style>\/*! elementor - v3.22.0 - 26-06-2024 *\/\n.elementor-widget-image{text-align:center}.elementor-widget-image a{display:inline-block}.elementor-widget-image a img[src$=\".svg\"]{width:48px}.elementor-widget-image img{vertical-align:middle;display:inline-block}<\/style>\t\t\t\t\t\t\t\t\t\t<img fetchpriority=\"high\" decoding=\"async\" width=\"750\" height=\"250\" src=\"https:\/\/pesquisaemdor.com.br\/wp-content\/uploads\/2024\/06\/Odontologia-seu-sorriso-e-nossa-missao-outdoor-1024x341.png\" class=\"attachment-large size-large wp-image-1153\" alt=\"\" srcset=\"https:\/\/pesquisaemdor.com.br\/wp-content\/uploads\/2024\/06\/Odontologia-seu-sorriso-e-nossa-missao-outdoor-1024x341.png 1024w, https:\/\/pesquisaemdor.com.br\/wp-content\/uploads\/2024\/06\/Odontologia-seu-sorriso-e-nossa-missao-outdoor-300x100.png 300w, https:\/\/pesquisaemdor.com.br\/wp-content\/uploads\/2024\/06\/Odontologia-seu-sorriso-e-nossa-missao-outdoor-768x256.png 768w, https:\/\/pesquisaemdor.com.br\/wp-content\/uploads\/2024\/06\/Odontologia-seu-sorriso-e-nossa-missao-outdoor-1536x512.png 1536w, https:\/\/pesquisaemdor.com.br\/wp-content\/uploads\/2024\/06\/Odontologia-seu-sorriso-e-nossa-missao-outdoor-2048x683.png 2048w, https:\/\/pesquisaemdor.com.br\/wp-content\/uploads\/2024\/06\/Odontologia-seu-sorriso-e-nossa-missao-outdoor-1682x560.png 1682w\" sizes=\"(max-width: 750px) 100vw, 750px\" \/>\t\t\t\t\t\t\t\t\t\t\t\t\t<\/div>\n\t\t\t\t<\/div>\n\t\t\t\t\t<\/div>\n\t\t\t\t<\/div>\n\t\t<div class=\"elementor-element elementor-element-8f69d69 e-flex e-con-boxed e-con e-parent\" data-id=\"8f69d69\" data-element_type=\"container\">\n\t\t\t\t\t<div class=\"e-con-inner\">\n\t\t\t\t<div class=\"elementor-element elementor-element-4205631 elementor-widget elementor-widget-text-editor\" data-id=\"4205631\" data-element_type=\"widget\" data-widget_type=\"text-editor.default\">\n\t\t\t\t<div class=\"elementor-widget-container\">\n\t\t\t<style>\/*! elementor - v3.22.0 - 26-06-2024 *\/\n.elementor-widget-text-editor.elementor-drop-cap-view-stacked .elementor-drop-cap{background-color:#69727d;color:#fff}.elementor-widget-text-editor.elementor-drop-cap-view-framed .elementor-drop-cap{color:#69727d;border:3px solid;background-color:transparent}.elementor-widget-text-editor:not(.elementor-drop-cap-view-default) .elementor-drop-cap{margin-top:8px}.elementor-widget-text-editor:not(.elementor-drop-cap-view-default) .elementor-drop-cap-letter{width:1em;height:1em}.elementor-widget-text-editor .elementor-drop-cap{float:left;text-align:center;line-height:1;font-size:50px}.elementor-widget-text-editor .elementor-drop-cap-letter{display:inline-block}<\/style>\t\t\t\t<h3 class=\"wp-block-heading\">Nossa Miss\u00e3o<\/h3>\n<p>O Pesquisa em Dor \u00e9 uma rede global de colabora\u00e7\u00e3o entre pesquisadores dedicados ao estudo da dor, com o objetivo de melhorar a qualidade de vida de pacientes ao redor do mundo.<\/p>\n<p>\u00a0<\/p>\n<p>Nossa miss\u00e3o engloba:<\/p>\t\t\t\t\t\t<\/div>\n\t\t\t\t<\/div>\n\t\t\t\t\t<\/div>\n\t\t\t\t<\/div>\n\t\t<div class=\"elementor-element elementor-element-46c204a e-flex e-con-boxed e-con e-parent\" data-id=\"46c204a\" data-element_type=\"container\">\n\t\t\t\t\t<div class=\"e-con-inner\">\n\t\t\t\t<div class=\"elementor-element elementor-element-f07741c elementor-widget elementor-widget-text-editor\" data-id=\"f07741c\" data-element_type=\"widget\" data-widget_type=\"text-editor.default\">\n\t\t\t\t<div class=\"elementor-widget-container\">\n\t\t\t\t\t\t\t<h4><strong>1.\u00a0Promover Pesquisas de Qualidade relacionadas a Dor<\/strong><\/h4>\n<p>Fomentar e divulgar estudos cient\u00edficos rigorosos sobre diferentes aspectos da dor.<\/p>\n<p>Incentivar a colabora\u00e7\u00e3o entre pesquisadores de diversas \u00e1reas e pa\u00edses.<\/p>\t\t\t\t\t\t<\/div>\n\t\t\t\t<\/div>\n\t\t\t\t\t<\/div>\n\t\t\t\t<\/div>\n\t\t<div class=\"elementor-element elementor-element-970cc5b e-flex e-con-boxed e-con e-parent\" data-id=\"970cc5b\" data-element_type=\"container\">\n\t\t\t\t\t<div class=\"e-con-inner\">\n\t\t\t\t<div class=\"elementor-element elementor-element-233ae41 elementor-widget elementor-widget-text-editor\" data-id=\"233ae41\" data-element_type=\"widget\" data-widget_type=\"text-editor.default\">\n\t\t\t\t<div class=\"elementor-widget-container\">\n\t\t\t\t\t\t\t<h4>2.\u00a0<strong>Facilitar o Acesso a Ferramentas para Profissionais de Sa\u00fade<\/strong><\/h4>\n<p>Desenvolver e disponibilizar ferramentas pr\u00e1ticas para o manejo eficaz da dor.<\/p>\n<p>Proporcionar recursos educacionais que auxiliem os profissionais de sa\u00fade a melhorarem suas pr\u00e1ticas cl\u00ednicas.<\/p>\t\t\t\t\t\t<\/div>\n\t\t\t\t<\/div>\n\t\t\t\t\t<\/div>\n\t\t\t\t<\/div>\n\t\t<div class=\"elementor-element elementor-element-477d65a e-flex e-con-boxed e-con e-parent\" data-id=\"477d65a\" data-element_type=\"container\">\n\t\t\t\t\t<div class=\"e-con-inner\">\n\t\t\t\t<div class=\"elementor-element elementor-element-a5cda6a elementor-widget elementor-widget-text-editor\" data-id=\"a5cda6a\" data-element_type=\"widget\" data-widget_type=\"text-editor.default\">\n\t\t\t\t<div class=\"elementor-widget-container\">\n\t\t\t\t\t\t\t<h4>3.\u00a0<strong>Educar Pacientes que sofrem com Dor<\/strong><\/h4>\n<p>Fornecer informa\u00e7\u00f5es acess\u00edveis e baseadas em evid\u00eancias sobre dor.<\/p>\n<p>Desenvolver estrat\u00e9gias comportamentais para ajudar pacientes a gerenciar sua dor de maneira eficaz.<\/p>\n<ul>\n<li>Promover a autonomia e o bem-estar dos pacientes atrav\u00e9s de recursos gratuitos e de f\u00e1cil acesso.<\/li>\n<\/ul>\t\t\t\t\t\t<\/div>\n\t\t\t\t<\/div>\n\t\t\t\t\t<\/div>\n\t\t\t\t<\/div>\n\t\t<div class=\"elementor-element elementor-element-1c09f58 e-flex e-con-boxed e-con e-parent\" data-id=\"1c09f58\" data-element_type=\"container\">\n\t\t\t\t\t<div class=\"e-con-inner\">\n\t\t\t\t<div class=\"elementor-element elementor-element-2ba73e9 elementor-widget elementor-widget-text-editor\" data-id=\"2ba73e9\" data-element_type=\"widget\" data-widget_type=\"text-editor.default\">\n\t\t\t\t<div class=\"elementor-widget-container\">\n\t\t\t\t\t\t\t<h4>4.\u00a0<strong>Disseminar Conhecimento e Boas Pr\u00e1ticas<\/strong><\/h4>\n<p>Publicar e compartilhar estudos, guias e materiais educativos gratuitamente.<\/p>\n<p>Facilitar o acesso a informa\u00e7\u00f5es atualizadas e relevantes para profissionais e pacientes.<\/p>\t\t\t\t\t\t<\/div>\n\t\t\t\t<\/div>\n\t\t\t\t\t<\/div>\n\t\t\t\t<\/div>\n\t\t<div class=\"elementor-element elementor-element-58ab950 e-flex e-con-boxed e-con e-parent\" data-id=\"58ab950\" data-element_type=\"container\">\n\t\t\t\t\t<div class=\"e-con-inner\">\n\t\t\t\t<div class=\"elementor-element elementor-element-19cdbd6 elementor-widget elementor-widget-text-editor\" data-id=\"19cdbd6\" data-element_type=\"widget\" data-widget_type=\"text-editor.default\">\n\t\t\t\t<div class=\"elementor-widget-container\">\n\t\t\t\t\t\t\t<h4>Nosso Compromisso<\/h4>\n<p>Nosso compromisso \u00e9 com a transpar\u00eancia, acessibilidade e a dissemina\u00e7\u00e3o do conhecimento, garantindo que todas as nossas ferramentas e recursos sejam de acesso gratuito, beneficiando a comunidade global de sa\u00fade e pacientes que lidam com a dor.<\/p>\n<p>Junte-se a n\u00f3s nessa jornada para melhorar a vida das pessoas e avan\u00e7ar na compreens\u00e3o e tratamento da dor.<\/p>\t\t\t\t\t\t<\/div>\n\t\t\t\t<\/div>\n\t\t\t\t\t<\/div>\n\t\t\t\t<\/div>\n\t\t\t\t<\/div>\n\t\t","protected":false},"excerpt":{"rendered":"<p>Nossa Miss\u00e3o O Pesquisa em Dor \u00e9 uma rede global de colabora\u00e7\u00e3o entre pesquisadores dedicados ao estudo da dor, com o objetivo de melhorar a<\/p>\n<div class=\"read-more-wrapper\"><a class=\"link small\" href=\"https:\/\/pesquisaemdor.com.br\/?page_id=1152\" role=\"button\">Read more<span class=\"nc-icon-glyph arrows-1_bold-right\"><\/span><\/a><\/div>\n","protected":false},"author":1,"featured_media":0,"parent":0,"menu_order":0,"comment_status":"closed","ping_status":"closed","template":"elementor_header_footer","meta":{"footnotes":""},"_links":{"self":[{"href":"https:\/\/pesquisaemdor.com.br\/index.php?rest_route=\/wp\/v2\/pages\/1152"}],"collection":[{"href":"https:\/\/pesquisaemdor.com.br\/index.php?rest_route=\/wp\/v2\/pages"}],"about":[{"href":"https:\/\/pesquisaemdor.com.br\/index.php?rest_route=\/wp\/v2\/types\/page"}],"author":[{"embeddable":true,"href":"https:\/\/pesquisaemdor.com.br\/index.php?rest_route=\/wp\/v2\/users\/1"}],"replies":[{"embeddable":true,"href":"https:\/\/pesquisaemdor.com.br\/index.php?rest_route=%2Fwp%2Fv2%2Fcomments&post=1152"}],"version-history":[{"count":6,"href":"https:\/\/pesquisaemdor.com.br\/index.php?rest_route=\/wp\/v2\/pages\/1152\/revisions"}],"predecessor-version":[{"id":1331,"href":"https:\/\/pesquisaemdor.com.br\/index.php?rest_route=\/wp\/v2\/pages\/1152\/revisions\/1331"}],"wp:attachment":[{"href":"https:\/\/pesquisaemdor.com.br\/index.php?rest_route=%2Fwp%2Fv2%2Fmedia&parent=1152"}],"curies":[{"name":"wp","href":"https:\/\/api.w.org\/{rel}","templated":true}]}}