{"id":84,"date":"2016-10-18T02:52:09","date_gmt":"2016-10-18T02:52:09","guid":{"rendered":"http:\/\/pesquisaemdor.com.br\/?page_id=84"},"modified":"2025-11-04T16:13:57","modified_gmt":"2025-11-04T16:13:57","slug":"contribua","status":"publish","type":"page","link":"https:\/\/pesquisaemdor.com.br\/?page_id=84","title":{"rendered":"Pesquisa em Dor Kids"},"content":{"rendered":"\t\t<div data-elementor-type=\"wp-page\" data-elementor-id=\"84\" class=\"elementor elementor-84\">\n\t\t\t\t<div class=\"elementor-element elementor-element-e201831 e-flex e-con-boxed e-con e-parent\" data-id=\"e201831\" data-element_type=\"container\">\n\t\t\t\t\t<div class=\"e-con-inner\">\n\t\t\t\t<div class=\"elementor-element elementor-element-9d78632 elementor-widget__width-inherit elementor-widget elementor-widget-image\" data-id=\"9d78632\" data-element_type=\"widget\" data-widget_type=\"image.default\">\n\t\t\t\t<div class=\"elementor-widget-container\">\n\t\t\t<style>\/*! elementor - v3.22.0 - 26-06-2024 *\/\n.elementor-widget-image{text-align:center}.elementor-widget-image a{display:inline-block}.elementor-widget-image a img[src$=\".svg\"]{width:48px}.elementor-widget-image img{vertical-align:middle;display:inline-block}<\/style>\t\t\t\t\t\t\t\t\t\t<img fetchpriority=\"high\" decoding=\"async\" width=\"750\" height=\"250\" src=\"https:\/\/pesquisaemdor.com.br\/wp-content\/uploads\/2024\/07\/Outdoor-escolar-geometrico-azul-branco-e-amarelo-1-1024x341.png\" class=\"attachment-large size-large wp-image-1311\" alt=\"\" srcset=\"https:\/\/pesquisaemdor.com.br\/wp-content\/uploads\/2024\/07\/Outdoor-escolar-geometrico-azul-branco-e-amarelo-1-1024x341.png 1024w, https:\/\/pesquisaemdor.com.br\/wp-content\/uploads\/2024\/07\/Outdoor-escolar-geometrico-azul-branco-e-amarelo-1-300x100.png 300w, https:\/\/pesquisaemdor.com.br\/wp-content\/uploads\/2024\/07\/Outdoor-escolar-geometrico-azul-branco-e-amarelo-1-768x256.png 768w, https:\/\/pesquisaemdor.com.br\/wp-content\/uploads\/2024\/07\/Outdoor-escolar-geometrico-azul-branco-e-amarelo-1-1536x512.png 1536w, https:\/\/pesquisaemdor.com.br\/wp-content\/uploads\/2024\/07\/Outdoor-escolar-geometrico-azul-branco-e-amarelo-1-2048x683.png 2048w, https:\/\/pesquisaemdor.com.br\/wp-content\/uploads\/2024\/07\/Outdoor-escolar-geometrico-azul-branco-e-amarelo-1-1682x560.png 1682w\" sizes=\"(max-width: 750px) 100vw, 750px\" \/>\t\t\t\t\t\t\t\t\t\t\t\t\t<\/div>\n\t\t\t\t<\/div>\n\t\t\t\t\t<\/div>\n\t\t\t\t<\/div>\n\t\t<div class=\"elementor-element elementor-element-a458bfd e-flex e-con-boxed e-con e-parent\" data-id=\"a458bfd\" data-element_type=\"container\" data-settings=\"{&quot;background_background&quot;:&quot;classic&quot;}\">\n\t\t\t\t\t<div class=\"e-con-inner\">\n\t\t\t\t<div class=\"elementor-element elementor-element-fd2ec31 elementor-widget elementor-widget-text-editor\" data-id=\"fd2ec31\" data-element_type=\"widget\" data-widget_type=\"text-editor.default\">\n\t\t\t\t<div class=\"elementor-widget-container\">\n\t\t\t<style>\/*! elementor - v3.22.0 - 26-06-2024 *\/\n.elementor-widget-text-editor.elementor-drop-cap-view-stacked .elementor-drop-cap{background-color:#69727d;color:#fff}.elementor-widget-text-editor.elementor-drop-cap-view-framed .elementor-drop-cap{color:#69727d;border:3px solid;background-color:transparent}.elementor-widget-text-editor:not(.elementor-drop-cap-view-default) .elementor-drop-cap{margin-top:8px}.elementor-widget-text-editor:not(.elementor-drop-cap-view-default) .elementor-drop-cap-letter{width:1em;height:1em}.elementor-widget-text-editor .elementor-drop-cap{float:left;text-align:center;line-height:1;font-size:50px}.elementor-widget-text-editor .elementor-drop-cap-letter{display:inline-block}<\/style>\t\t\t\t<h3 class=\"wp-block-heading\"><strong>O PED KIDS \u00e9 uma \u00e1rea do nosso site reservada para crian\u00e7as, adolescentes, pais, cuidadores e respons\u00e1veis.<\/strong><\/h3>\t\t\t\t\t\t<\/div>\n\t\t\t\t<\/div>\n\t\t\t\t\t<\/div>\n\t\t\t\t<\/div>\n\t\t<div class=\"elementor-element elementor-element-b353b66 e-flex e-con-boxed e-con e-parent\" data-id=\"b353b66\" data-element_type=\"container\">\n\t\t\t\t\t<div class=\"e-con-inner\">\n\t\t<div class=\"elementor-element elementor-element-e9adbe4 e-con-full e-flex e-con e-child\" data-id=\"e9adbe4\" data-element_type=\"container\">\n\t\t\t\t<div class=\"elementor-element elementor-element-ea350a8 elementor-widget elementor-widget-image\" data-id=\"ea350a8\" data-element_type=\"widget\" data-widget_type=\"image.default\">\n\t\t\t\t<div class=\"elementor-widget-container\">\n\t\t\t\t\t\t\t\t\t\t\t\t\t<img decoding=\"async\" width=\"216\" height=\"300\" src=\"https:\/\/pesquisaemdor.com.br\/wp-content\/uploads\/2018\/08\/livro-em-portugues-216x300.jpg\" class=\"attachment-medium size-medium wp-image-1013\" alt=\"\" srcset=\"https:\/\/pesquisaemdor.com.br\/wp-content\/uploads\/2018\/08\/livro-em-portugues-216x300.jpg 216w, https:\/\/pesquisaemdor.com.br\/wp-content\/uploads\/2018\/08\/livro-em-portugues.jpg 399w\" sizes=\"(max-width: 216px) 100vw, 216px\" \/>\t\t\t\t\t\t\t\t\t\t\t\t\t<\/div>\n\t\t\t\t<\/div>\n\t\t\t\t<\/div>\n\t\t<div class=\"elementor-element elementor-element-acb6d3e e-con-full e-flex e-con e-child\" data-id=\"acb6d3e\" data-element_type=\"container\">\n\t\t\t\t<div class=\"elementor-element elementor-element-a0371d8 elementor-widget elementor-widget-text-editor\" data-id=\"a0371d8\" data-element_type=\"widget\" data-widget_type=\"text-editor.default\">\n\t\t\t\t<div class=\"elementor-widget-container\">\n\t\t\t\t\t\t\t<h2 class=\"wp-block-heading\">&#8220;Uma Jornada para Entender a Dor&#8221;<\/h2>\n<p><strong>Clara, Fred e Prof. Dexter apresentam a Educa\u00e7\u00e3o Moderna em Dor para as Crian\u00e7as.<\/strong><\/p>\n<p><strong>Autores: Felipe Reis, Ney Meziat, Leandro Nogueira, Adriaan Louw, Tonya Palermo e Kelly Ickmans.<\/strong><\/p>\n<p>Ilustrador: Fl\u00e1vio Almeida<\/p>\n<p><a href=\"https:\/\/www.yumpu.com\/pt\/document\/view\/61002470\/uma-jornada-para-entender-a-dor\">Ler Online (Flipbook)<\/a><\/p>\n<p><strong>Op\u00e7\u00f5es de Download:<\/strong><\/p>\n<p><a href=\"https:\/\/drive.google.com\/open?id=1dmdl3dN1Ky7USzq3E0X7y7dGvKCeIH6E\">Vers\u00e3o em pdf<\/a>\u00a0\u00a0<\/p>\n<p><a href=\"https:\/\/drive.google.com\/open?id=1-l-5uZTrFhpGOQTpRS6v5J_dYw8sV6cu\">Vers\u00e3o para Kindle (.mobi)<\/a>\u00a0 \u00a0<\/p>\n<p><a href=\"https:\/\/drive.google.com\/open?id=1YB4y_0McXxZslSZrk-75WH_La2g0yclv\">Vers\u00e3o para Ipad e Lev (.epub)<\/a><\/p>\t\t\t\t\t\t<\/div>\n\t\t\t\t<\/div>\n\t\t\t\t<\/div>\n\t\t\t\t\t<\/div>\n\t\t\t\t<\/div>\n\t\t<div class=\"elementor-element elementor-element-496614e e-flex e-con-boxed e-con e-parent\" data-id=\"496614e\" data-element_type=\"container\">\n\t\t\t\t\t<div class=\"e-con-inner\">\n\t\t<div class=\"elementor-element elementor-element-118aa04 e-con-full e-flex e-con e-child\" data-id=\"118aa04\" data-element_type=\"container\">\n\t\t\t\t<div class=\"elementor-element elementor-element-c87b1b0 elementor-widget elementor-widget-image\" data-id=\"c87b1b0\" data-element_type=\"widget\" data-widget_type=\"image.default\">\n\t\t\t\t<div class=\"elementor-widget-container\">\n\t\t\t\t\t\t\t\t\t\t\t\t\t<img decoding=\"async\" width=\"215\" height=\"300\" src=\"https:\/\/pesquisaemdor.com.br\/wp-content\/uploads\/2018\/08\/Livro-em-ingles-215x300.jpg\" class=\"attachment-medium size-medium wp-image-1014\" alt=\"\" srcset=\"https:\/\/pesquisaemdor.com.br\/wp-content\/uploads\/2018\/08\/Livro-em-ingles-215x300.jpg 215w, https:\/\/pesquisaemdor.com.br\/wp-content\/uploads\/2018\/08\/Livro-em-ingles.jpg 402w\" sizes=\"(max-width: 215px) 100vw, 215px\" \/>\t\t\t\t\t\t\t\t\t\t\t\t\t<\/div>\n\t\t\t\t<\/div>\n\t\t\t\t<\/div>\n\t\t<div class=\"elementor-element elementor-element-f7a4715 e-con-full e-flex e-con e-child\" data-id=\"f7a4715\" data-element_type=\"container\">\n\t\t\t\t<div class=\"elementor-element elementor-element-68e5d44 elementor-widget elementor-widget-text-editor\" data-id=\"68e5d44\" data-element_type=\"widget\" data-widget_type=\"text-editor.default\">\n\t\t\t\t<div class=\"elementor-widget-container\">\n\t\t\t\t\t\t\t<h2 class=\"wp-block-heading\">&#8220;A Journey to Learn about Pain&#8221;<\/h2>\n<p><a href=\"https:\/\/www.yumpu.com\/en\/document\/view\/61002254\/a-journey-to-learn-about-pain\">Read Online (Flipbook)<\/a><\/p>\n<p><strong>Op\u00e7\u00f5es de Download:\u00a0<\/strong><\/p>\n<p><a href=\"https:\/\/drive.google.com\/open?id=1_OqghLxnT2tQVIzQ6qpHPY8TZ86ylNZr\">pdf file\u00a0<\/a><\/p>\n<p><a href=\"https:\/\/drive.google.com\/open?id=1NPaT1GiKH4NL2pHMh69_kkH6y4dYP7M6\">Kindle file (.mobi)<\/a>\u00a0 \u00a0 \u00a0 \u00a0<\/p>\n<p><a href=\"https:\/\/drive.google.com\/open?id=1a6LduLo4UGz4OIJFalPCY3ejkAAc62ZP\">Ipad file (.epub)<\/a><\/p>\t\t\t\t\t\t<\/div>\n\t\t\t\t<\/div>\n\t\t\t\t<\/div>\n\t\t\t\t\t<\/div>\n\t\t\t\t<\/div>\n\t\t<div class=\"elementor-element elementor-element-675a46d e-flex e-con-boxed e-con e-parent\" data-id=\"675a46d\" data-element_type=\"container\">\n\t\t\t\t\t<div class=\"e-con-inner\">\n\t\t<div class=\"elementor-element elementor-element-a88982f e-con-full e-flex e-con e-child\" data-id=\"a88982f\" data-element_type=\"container\">\n\t\t\t\t<div class=\"elementor-element elementor-element-ecc01ad elementor-widget elementor-widget-image\" data-id=\"ecc01ad\" data-element_type=\"widget\" data-widget_type=\"image.default\">\n\t\t\t\t<div class=\"elementor-widget-container\">\n\t\t\t\t\t\t\t\t\t\t\t\t\t<img loading=\"lazy\" decoding=\"async\" width=\"236\" height=\"300\" src=\"https:\/\/pesquisaemdor.com.br\/wp-content\/uploads\/2021\/10\/Captura-de-Tela-2021-10-03-a\u0300s-13.54.24-236x300.jpg\" class=\"attachment-medium size-medium wp-image-1104\" alt=\"\" srcset=\"https:\/\/pesquisaemdor.com.br\/wp-content\/uploads\/2021\/10\/Captura-de-Tela-2021-10-03-a\u0300s-13.54.24-236x300.jpg 236w, https:\/\/pesquisaemdor.com.br\/wp-content\/uploads\/2021\/10\/Captura-de-Tela-2021-10-03-a\u0300s-13.54.24.jpg 470w\" sizes=\"(max-width: 236px) 100vw, 236px\" \/>\t\t\t\t\t\t\t\t\t\t\t\t\t<\/div>\n\t\t\t\t<\/div>\n\t\t\t\t<\/div>\n\t\t<div class=\"elementor-element elementor-element-0726879 e-con-full e-flex e-con e-child\" data-id=\"0726879\" data-element_type=\"container\">\n\t\t\t\t<div class=\"elementor-element elementor-element-e5ba437 elementor-widget elementor-widget-text-editor\" data-id=\"e5ba437\" data-element_type=\"widget\" data-widget_type=\"text-editor.default\">\n\t\t\t\t<div class=\"elementor-widget-container\">\n\t\t\t\t\t\t\t<h2 class=\"wp-block-heading\">&#8220;Eine Geschichte \u00fcber den Schmerz&#8221;<\/h2>\n<p>Download:\u00a0<a href=\"https:\/\/drive.google.com\/file\/d\/11qpJ7ZuLaElHdLjQ7LJV9UcDVdScK9ua\/view?usp=sharing\">pdf<\/a><\/p>\t\t\t\t\t\t<\/div>\n\t\t\t\t<\/div>\n\t\t\t\t<\/div>\n\t\t\t\t\t<\/div>\n\t\t\t\t<\/div>\n\t\t<div class=\"elementor-element elementor-element-ac3c678 e-flex e-con-boxed e-con e-parent\" data-id=\"ac3c678\" data-element_type=\"container\">\n\t\t\t\t\t<div class=\"e-con-inner\">\n\t\t<div class=\"elementor-element elementor-element-fbe34e6 e-con-full e-flex e-con e-child\" data-id=\"fbe34e6\" data-element_type=\"container\">\n\t\t\t\t<div class=\"elementor-element elementor-element-519463c elementor-widget__width-initial elementor-widget elementor-widget-image\" data-id=\"519463c\" data-element_type=\"widget\" data-widget_type=\"image.default\">\n\t\t\t\t<div class=\"elementor-widget-container\">\n\t\t\t\t\t\t\t\t\t\t\t\t\t<img loading=\"lazy\" decoding=\"async\" width=\"213\" height=\"300\" src=\"https:\/\/pesquisaemdor.com.br\/wp-content\/uploads\/2025\/11\/Captura-de-Tela-2025-11-03-as-14.05.31-213x300.png\" class=\"attachment-medium size-medium wp-image-1365\" alt=\"\" srcset=\"https:\/\/pesquisaemdor.com.br\/wp-content\/uploads\/2025\/11\/Captura-de-Tela-2025-11-03-as-14.05.31-213x300.png 213w, https:\/\/pesquisaemdor.com.br\/wp-content\/uploads\/2025\/11\/Captura-de-Tela-2025-11-03-as-14.05.31-728x1024.png 728w, https:\/\/pesquisaemdor.com.br\/wp-content\/uploads\/2025\/11\/Captura-de-Tela-2025-11-03-as-14.05.31-768x1081.png 768w, https:\/\/pesquisaemdor.com.br\/wp-content\/uploads\/2025\/11\/Captura-de-Tela-2025-11-03-as-14.05.31.png 786w\" sizes=\"(max-width: 213px) 100vw, 213px\" \/>\t\t\t\t\t\t\t\t\t\t\t\t\t<\/div>\n\t\t\t\t<\/div>\n\t\t\t\t<\/div>\n\t\t\t\t<div class=\"elementor-element elementor-element-d6fc2a9 elementor-widget elementor-widget-text-editor\" data-id=\"d6fc2a9\" data-element_type=\"widget\" data-widget_type=\"text-editor.default\">\n\t\t\t\t<div class=\"elementor-widget-container\">\n\t\t\t\t\t\t\t<h2>Une Aventure pour Compr\u00e8ndre la Douleur:<\/h2><p>Download: <a href=\"https:\/\/drive.google.com\/file\/d\/1RPZfJVjOtPDymnr5D39n1wUFgljzu03S\/view?usp=sharing\">pdf<\/a><\/p>\t\t\t\t\t\t<\/div>\n\t\t\t\t<\/div>\n\t\t\t\t\t<\/div>\n\t\t\t\t<\/div>\n\t\t<div class=\"elementor-element elementor-element-d36e2ef e-flex e-con-boxed e-con e-parent\" data-id=\"d36e2ef\" data-element_type=\"container\">\n\t\t\t\t\t<div class=\"e-con-inner\">\n\t\t<div class=\"elementor-element elementor-element-1d9cde5 e-con-full e-flex e-con e-child\" data-id=\"1d9cde5\" data-element_type=\"container\">\n\t\t\t\t<div class=\"elementor-element elementor-element-8adbeec elementor-widget elementor-widget-image\" data-id=\"8adbeec\" data-element_type=\"widget\" data-widget_type=\"image.default\">\n\t\t\t\t<div class=\"elementor-widget-container\">\n\t\t\t\t\t\t\t\t\t\t\t\t\t<img loading=\"lazy\" decoding=\"async\" width=\"217\" height=\"300\" src=\"https:\/\/pesquisaemdor.com.br\/wp-content\/uploads\/2022\/03\/Captura-de-Tela-2022-03-07-a\u0300s-19.14.33-217x300.jpg\" class=\"attachment-medium size-medium wp-image-1113\" alt=\"\" srcset=\"https:\/\/pesquisaemdor.com.br\/wp-content\/uploads\/2022\/03\/Captura-de-Tela-2022-03-07-a\u0300s-19.14.33-217x300.jpg 217w, https:\/\/pesquisaemdor.com.br\/wp-content\/uploads\/2022\/03\/Captura-de-Tela-2022-03-07-a\u0300s-19.14.33.jpg 404w\" sizes=\"(max-width: 217px) 100vw, 217px\" \/>\t\t\t\t\t\t\t\t\t\t\t\t\t<\/div>\n\t\t\t\t<\/div>\n\t\t\t\t<\/div>\n\t\t<div class=\"elementor-element elementor-element-e608785 e-con-full e-flex e-con e-child\" data-id=\"e608785\" data-element_type=\"container\">\n\t\t\t\t<div class=\"elementor-element elementor-element-b7fcb1d elementor-widget elementor-widget-text-editor\" data-id=\"b7fcb1d\" data-element_type=\"widget\" data-widget_type=\"text-editor.default\">\n\t\t\t\t<div class=\"elementor-widget-container\">\n\t\t\t\t\t\t\t<h2 class=\"wp-block-heading\">Una Jornada para Entender el Dolor:<\/h2>\n<p>Download:\u00a0<a href=\"https:\/\/drive.google.com\/file\/d\/16B2twH2LdHbYv98tef0N6t_9WSNeIgcE\/view?usp=sharing\">pdf<\/a><\/p>\t\t\t\t\t\t<\/div>\n\t\t\t\t<\/div>\n\t\t\t\t<\/div>\n\t\t\t\t\t<\/div>\n\t\t\t\t<\/div>\n\t\t<div class=\"elementor-element elementor-element-63ee9e2 e-flex e-con-boxed e-con e-parent\" data-id=\"63ee9e2\" data-element_type=\"container\">\n\t\t\t\t\t<div class=\"e-con-inner\">\n\t\t\t\t<div class=\"elementor-element elementor-element-3e1eb80 elementor-widget elementor-widget-text-editor\" data-id=\"3e1eb80\" data-element_type=\"widget\" data-widget_type=\"text-editor.default\">\n\t\t\t\t<div class=\"elementor-widget-container\">\n\t\t\t\t\t\t\t<h2 class=\"wp-block-heading\">Agradecimentos:<\/h2>\n<h4 class=\"wp-block-heading\">Para a cria\u00e7\u00e3o do material disponibilizado pelo PED KIDS, contamos com a colabora\u00e7\u00e3o de doa\u00e7\u00f5es realizadas pelos AMIGOS DO PED.<\/h4>\n<h4 class=\"wp-block-heading\">Campanha de\u00a0<em>Crowdfunding<\/em>\u00a0de 2017<\/h4>\n<p>Annemarie Frank * Breno Santos * Caren Lara Martins Picasso * Carlos Castro * Carolina Viero * Carolinne Baitelli do Carmo Neves * Daiani Pincegher * Dan Gotlib Pilderwasser * Daniel Tavares Camara * Edmur Paranhos * Erika Kinosita Jacobucci * F\u00e1bio Bezerra * F\u00e1bio Sprada De Menezes * Fabricio de Souza * Fabr\u00edcio Mendanha * Felipe Fagundes * Felipe Reis * Fl\u00e1via Medeiros * Gabriela Marcon Manfrim * Gustavo Telles * Henrique Rossi Roseiro * Her\u00e1clito Fernando Gurgel Barboza * Heric Lopes * \u00cdris Dutra * Jarina In\u00e1cio * Jessica Fernandez Mosqueira Gomes * Joelma Magalh\u00e3es * Jos\u00e9 Magno dos Santos Junior * Juliana P R Costa * K\u00eannia Oliveira * Leandro Fukusawa * Leonardo Oliveira Pena Costa * Luciana Wolff * Mariane Altomare * Marina Barbosa * Mateus Aimi * Natalia Bittencourt * Patricia Montes * Paula Marrafa * Rafaela Dutra * Rainier Antonio Queiroz Chagas Junior * Raquel bruzon de mello * Raysa Vieira Lima * Renato Jose Soares * Ricardo Gama Cascarro * Rosemeyre Rodrigues* Thiago Jambo* Alcylene Carla* Al\u00e9ssion Novais* Ana Luiza Gorges* Diogo Pereira* Frederico* Gustavo Pacheco* Henrique Taylor* Jaqueline* Mara Duffles* Marcos Lisboa* Mariane Altomare* Nayara Santos* Raysa Vieira* Renato Forestieri* Renato Soares* Rubieny* Walter Ansanello* Karina* Helio Nichioka* Palmiro Torrieri* Ariane* Anamaria Siriani * Marcus Dassie.<\/p>\t\t\t\t\t\t<\/div>\n\t\t\t\t<\/div>\n\t\t\t\t\t<\/div>\n\t\t\t\t<\/div>\n\t\t<div class=\"elementor-element elementor-element-b0ab10a e-flex e-con-boxed e-con e-parent\" data-id=\"b0ab10a\" data-element_type=\"container\">\n\t\t\t\t\t<div class=\"e-con-inner\">\n\t\t\t\t<div class=\"elementor-element elementor-element-fabee15 elementor-widget elementor-widget-text-editor\" data-id=\"fabee15\" data-element_type=\"widget\" data-widget_type=\"text-editor.default\">\n\t\t\t\t<div class=\"elementor-widget-container\">\n\t\t\t\t\t\t\t<h4 class=\"wp-block-heading\">Colabora\u00e7\u00e3o com Empresa &#8211; Instituto de Tratamento da Coluna Vertebral (ITC Vertebral)<\/h4>\n<figure class=\"wp-block-embed\">\n<div class=\"wp-block-embed__wrapper\">https:\/\/www.itcvertebral.com.br<\/div>\n<\/figure>\n<p>\u00a0<\/p>\n<p><em>*Se voc\u00ea tem uma empresa e gostaria de apoiar o PED, entre em contato conosco pelo email\u00a0<a href=\"mailto:%20contato@pesquisaemdor.com.br\">contato@pesquisaemdor.com.br<\/a>\u00a0.<\/em><\/p>\n<p><em>O PED \u00e9 uma associa\u00e7\u00e3o de pesquisadores e n\u00e3o tem fins lucrativos<\/em><\/p>\t\t\t\t\t\t<\/div>\n\t\t\t\t<\/div>\n\t\t\t\t\t<\/div>\n\t\t\t\t<\/div>\n\t\t\t\t<\/div>\n\t\t","protected":false},"excerpt":{"rendered":"<p>O PED KIDS \u00e9 uma \u00e1rea do nosso site reservada para crian\u00e7as, adolescentes, pais, cuidadores e respons\u00e1veis. &#8220;Uma Jornada para Entender a Dor&#8221; Clara, Fred<\/p>\n<div class=\"read-more-wrapper\"><a class=\"link small\" href=\"https:\/\/pesquisaemdor.com.br\/?page_id=84\" role=\"button\">Read more<span class=\"nc-icon-glyph arrows-1_bold-right\"><\/span><\/a><\/div>\n","protected":false},"author":1,"featured_media":0,"parent":0,"menu_order":0,"comment_status":"closed","ping_status":"closed","template":"elementor_header_footer","meta":{"footnotes":""},"_links":{"self":[{"href":"https:\/\/pesquisaemdor.com.br\/index.php?rest_route=\/wp\/v2\/pages\/84"}],"collection":[{"href":"https:\/\/pesquisaemdor.com.br\/index.php?rest_route=\/wp\/v2\/pages"}],"about":[{"href":"https:\/\/pesquisaemdor.com.br\/index.php?rest_route=\/wp\/v2\/types\/page"}],"author":[{"embeddable":true,"href":"https:\/\/pesquisaemdor.com.br\/index.php?rest_route=\/wp\/v2\/users\/1"}],"replies":[{"embeddable":true,"href":"https:\/\/pesquisaemdor.com.br\/index.php?rest_route=%2Fwp%2Fv2%2Fcomments&post=84"}],"version-history":[{"count":34,"href":"https:\/\/pesquisaemdor.com.br\/index.php?rest_route=\/wp\/v2\/pages\/84\/revisions"}],"predecessor-version":[{"id":1368,"href":"https:\/\/pesquisaemdor.com.br\/index.php?rest_route=\/wp\/v2\/pages\/84\/revisions\/1368"}],"wp:attachment":[{"href":"https:\/\/pesquisaemdor.com.br\/index.php?rest_route=%2Fwp%2Fv2%2Fmedia&parent=84"}],"curies":[{"name":"wp","href":"https:\/\/api.w.org\/{rel}","templated":true}]}}